{"id":210,"date":"2016-06-04T14:14:28","date_gmt":"2016-06-04T12:14:28","guid":{"rendered":"http:\/\/www.afcontrole.com\/services-prestations\/?lang=en"},"modified":"2016-11-07T16:03:46","modified_gmt":"2016-11-07T15:03:46","slug":"services-deliveries","status":"publish","type":"page","link":"https:\/\/www.afcontrole.com\/en\/services-deliveries\/","title":{"rendered":"AF Contr\u00f4le is specialized in non-destructive testing (NDT)"},"content":{"rendered":"<div class=\"wpb-content-wrapper\"><p>[vc_row][vc_column][vc_column_text css_animation=&#8221;left-to-right&#8221;]<\/p>\n<p style=\"text-align: justify;\">We can take action in your workshops for a testing\u00a0: <strong>dimensional control<\/strong>, <strong>visual control<\/strong>, <strong>penetrant testing<\/strong>, <strong>magnetic particle testing<\/strong> or <strong>ultrasonic testing<\/strong>. You are from a mechanical business, a manufacturing company, a pipefitting business or a sheet metal construction company and you need testing on 100% material or on welds\u00a0: we can quickly be in your workshop or in yours construction sites.<\/p>\n<p>We can mark your metallic pieces with the <strong>electrolytic<\/strong> marking technic. Until 80mm, you can mark your aluminium, carbon steel or stainless steel pieces&#8230;<\/p>\n<p>We propose to you quality services in delays at the nearest of your needs and always in the respect of the rules and procedures related to our work. Testings are done on all types of non-porous metals (steel, aluminium, stainless steel, cast iron\u2026).<\/p>\n<p>[\/vc_column_text][\/vc_column][\/vc_row][vc_row][vc_column width=&#8221;1\/3&#8243;][vc_single_image image=&#8221;87&#8243; img_size=&#8221;300&#215;250&#8243; css_animation=&#8221;left-to-right&#8221;][\/vc_column][vc_column width=&#8221;2\/3&#8243;][vc_column_text css_animation=&#8221;left-to-right&#8221;]<\/p>\n<h3 style=\"text-align: justify;\" align=\"JUSTIFY\">Penetrant testing<\/h3>\n<p style=\"text-align: justify;\">This is one of the oldest method in <strong>non destructive testing<\/strong>. It is still the most used in industry. It is the part of the surface monitors. This method consists in detecting materials <strong>discontinuities<\/strong> on non-dulled surfaces with specific product.<\/p>\n<p style=\"text-align: justify;\">It is possible to carry out this testing during many steps of the building : on the chamfer before welding, between different stages of the welding, after the welding or on all the piece surface in some cases.<br \/>\nPenetrant testing is used on low roughness surfaces and with a simple geometry.<\/p>\n<p style=\"text-align: justify;\"><strong>To be noted :\u00a0<\/strong> this process needs a step with rinse water. It is important to take account of this, especially for pieces which quickly oxidize.<\/p>\n<p>[\/vc_column_text][\/vc_column][\/vc_row][vc_row][vc_column width=&#8221;1\/3&#8243;][vc_single_image image=&#8221;51&#8243; img_size=&#8221;300&#215;200&#8243; css_animation=&#8221;top-to-bottom&#8221;][\/vc_column][vc_column width=&#8221;2\/3&#8243;][vc_column_text css_animation=&#8221;bottom-to-top&#8221;]<\/p>\n<h3 style=\"text-align: justify;\">Magnetic particle testing (MT)<\/h3>\n<p style=\"text-align: justify;\">This is part of surface monitors, it permits to detect linear defects finer than <strong>penetrant testing<\/strong>, but it highlights rarely rounding defects. Finally, this method is more efficient on dulled surfaces.<\/p>\n<p>The only restriction with MT is that the piece must have a sufficient magnetisation. Then, it is better if the surface of the piece to control is not too rough.[\/vc_column_text][\/vc_column][\/vc_row][vc_row][vc_column width=&#8221;1\/2&#8243;][vc_single_image image=&#8221;86&#8243; img_size=&#8221;500&#215;300&#8243; css_animation=&#8221;top-to-bottom&#8221;][vc_column_text css_animation=&#8221;bottom-to-top&#8221;]<\/p>\n<h3>Dimensional control<\/h3>\n<p style=\"text-align: justify;\">It consists in verifying every dimensions of a piece to see if these are the ones required by the plan. The monitor will ensure that every part of the plan is respected according to a specific tolerance range.<\/p>\n<p>[\/vc_column_text][\/vc_column][vc_column width=&#8221;1\/2&#8243;][vc_single_image image=&#8221;85&#8243; img_size=&#8221;500&#215;300&#8243; css_animation=&#8221;top-to-bottom&#8221;][vc_column_text css_animation=&#8221;bottom-to-top&#8221;]<\/p>\n<h3 style=\"text-align: justify;\" align=\"JUSTIFY\">Visual testing<\/h3>\n<p style=\"text-align: justify;\">It is a careful visual assessment, it can be direct or non direct (with an endoscope, a video endoscope\u2026). In the case of a welding assessment, the monitor will look at the geometry, the aspect and the homogeneity of the weld.<\/p>\n<p>[\/vc_column_text][\/vc_column][\/vc_row][vc_row][vc_column][vc_single_image image=&#8221;64&#8243; img_size=&#8221;full&#8221; css_animation=&#8221;top-to-bottom&#8221;][vc_column_text css_animation=&#8221;bottom-to-top&#8221;]<\/p>\n<h3 style=\"text-align: justify;\">Commodities and tools<\/h3>\n<p style=\"text-align: justify;\">For the <strong>penetrant testing<\/strong> and the <strong>magnetic particle inspection<\/strong> each commodities are certified PMUC (products and materials used in nuclear power plant).<\/p>\n<p>Each commodity is referenced with a batch number and an expiry date and is related to a declaration of conformity and a technical data sheet.<\/p>\n<p>At the same time, our tools (thermometers, light meters, weld rating and field-strength metres) are calibrated (or verified) to obtain the most reliable results.<br \/>\nIn the case where a testing of an intern part non accessible in a direct way is necessary, we use an endoscope.<\/p>\n<p><strong>AF Contr\u00f4le<\/strong> has its own procedures validated by Cofrend Level 3 (penetrant testing and magnetic particle testing).<\/p>\n<p>[\/vc_column_text][\/vc_column][\/vc_row][vc_row][vc_column][vc_empty_space][vc_separator style=&#8221;shadow&#8221; border_width=&#8221;10&#8243;][vc_empty_space][\/vc_column][\/vc_row][vc_row][vc_column][vc_column_text css_animation=&#8221;top-to-bottom&#8221;]<\/p>\n<h2 style=\"text-align: justify;\">Good to know\u2026<\/h2>\n<p>[\/vc_column_text][\/vc_column][\/vc_row][vc_row][vc_column][vc_column_text css_animation=&#8221;left-to-right&#8221;]We can take action for other deliveries than electric control :[\/vc_column_text][vc_column_text css_animation=&#8221;left-to-right&#8221;]<\/p>\n<ul>\n<li><strong>Peeling testing :<\/strong> nature testing, wire diameter and itinerary.<\/li>\n<li><strong>Junction control :<\/strong> verification of the cable junction in an electrical installation (electric cabinet, electrical box, electric motor, electrical valves, electric pumps\u2026). Many types of testing are done: engine insulation, optimum torque\u2026<\/li>\n<li><strong>CDC\/IL :<\/strong> cable way control, size of cable way, control of altimetery,<\/li>\n<\/ul>\n<p>[\/vc_column_text][\/vc_column][\/vc_row][vc_row][vc_column][vc_column_text]<\/p>\n<p style=\"text-align: justify;\"><strong>AF Contr\u00f4le<\/strong> has vehicles to drive our testing equipment and take action in your workshop.<\/p>\n<p>[\/vc_column_text][vc_single_image image=&#8221;62&#8243; img_size=&#8221;full&#8221; css_animation=&#8221;top-to-bottom&#8221;][vc_column_text css_animation=&#8221;appear&#8221;]<\/p>\n<h3 style=\"text-align: center;\"><a href=\"http:\/\/www.afcontrole.com\/map-contact\/\">Contact us for any information.<\/a><\/h3>\n<p>[\/vc_column_text][\/vc_column][\/vc_row]<\/p>\n<\/div>","protected":false},"excerpt":{"rendered":"<p>[vc_row][vc_column][vc_column_text css_animation=&#8221;left-to-right&#8221;] We can take action in your workshops for a testing\u00a0: dimensional control, visual control, penetrant testing, magnetic particle testing or ultrasonic testing. You are from a mechanical business, a manufacturing company, a pipefitting business or a sheet metal&hellip; <\/p>\n","protected":false},"author":2,"featured_media":0,"parent":0,"menu_order":0,"comment_status":"closed","ping_status":"closed","template":"","meta":{"footnotes":""},"class_list":["post-210","page","type-page","status-publish","hentry"],"yoast_head":"<!-- This site is optimized with the Yoast SEO plugin v27.2 - https:\/\/yoast.com\/product\/yoast-seo-wordpress\/ -->\n<title>AF Contr\u00f4le sp\u00e9cialis\u00e9e dans le contr\u00f4le non destructif (CND)<\/title>\n<meta name=\"description\" content=\"Nous intervenons dans les domaines : nucl\u00e9aire, construction navale, ferroviaire p\u00e9trochimie, militaire, transport, \u00e9lectricit\u00e9, ...\" \/>\n<meta name=\"robots\" content=\"index, follow, max-snippet:-1, max-image-preview:large, max-video-preview:-1\" \/>\n<link rel=\"canonical\" href=\"https:\/\/www.afcontrole.com\/en\/services-deliveries\/\" \/>\n<meta property=\"og:locale\" content=\"en_US\" \/>\n<meta property=\"og:type\" content=\"article\" \/>\n<meta property=\"og:title\" content=\"AF Contr\u00f4le sp\u00e9cialis\u00e9e dans le contr\u00f4le non destructif (CND)\" \/>\n<meta property=\"og:description\" content=\"Nous intervenons dans les domaines : nucl\u00e9aire, construction navale, ferroviaire p\u00e9trochimie, militaire, transport, \u00e9lectricit\u00e9, ...\" \/>\n<meta property=\"og:url\" content=\"https:\/\/www.afcontrole.com\/en\/services-deliveries\/\" \/>\n<meta property=\"og:site_name\" content=\"AF Contr\u00f4le\" \/>\n<meta property=\"article:modified_time\" content=\"2016-11-07T15:03:46+00:00\" \/>\n<meta name=\"twitter:card\" content=\"summary_large_image\" \/>\n<meta name=\"twitter:label1\" content=\"Est. reading time\" \/>\n\t<meta name=\"twitter:data1\" content=\"4 minutes\" \/>\n<script type=\"application\/ld+json\" class=\"yoast-schema-graph\">{\"@context\":\"https:\/\/schema.org\",\"@graph\":[{\"@type\":\"WebPage\",\"@id\":\"https:\/\/www.afcontrole.com\/en\/services-deliveries\/\",\"url\":\"https:\/\/www.afcontrole.com\/en\/services-deliveries\/\",\"name\":\"AF Contr\u00f4le sp\u00e9cialis\u00e9e dans le contr\u00f4le non destructif (CND)\",\"isPartOf\":{\"@id\":\"https:\/\/www.afcontrole.com\/en\/#website\"},\"datePublished\":\"2016-06-04T12:14:28+00:00\",\"dateModified\":\"2016-11-07T15:03:46+00:00\",\"description\":\"Nous intervenons dans les domaines : nucl\u00e9aire, construction navale, ferroviaire p\u00e9trochimie, militaire, transport, \u00e9lectricit\u00e9, ...\",\"breadcrumb\":{\"@id\":\"https:\/\/www.afcontrole.com\/en\/services-deliveries\/#breadcrumb\"},\"inLanguage\":\"en-US\",\"potentialAction\":[{\"@type\":\"ReadAction\",\"target\":[\"https:\/\/www.afcontrole.com\/en\/services-deliveries\/\"]}]},{\"@type\":\"BreadcrumbList\",\"@id\":\"https:\/\/www.afcontrole.com\/en\/services-deliveries\/#breadcrumb\",\"itemListElement\":[{\"@type\":\"ListItem\",\"position\":1,\"name\":\"Accueil\",\"item\":\"https:\/\/www.afcontrole.com\/en\/\"},{\"@type\":\"ListItem\",\"position\":2,\"name\":\"AF Contr\u00f4le is specialized in non-destructive testing (NDT)\"}]},{\"@type\":\"WebSite\",\"@id\":\"https:\/\/www.afcontrole.com\/en\/#website\",\"url\":\"https:\/\/www.afcontrole.com\/en\/\",\"name\":\"AF Contr\u00f4le\",\"description\":\"Sp\u00e9cialiste du contr\u00f4le industriel\",\"potentialAction\":[{\"@type\":\"SearchAction\",\"target\":{\"@type\":\"EntryPoint\",\"urlTemplate\":\"https:\/\/www.afcontrole.com\/en\/?s={search_term_string}\"},\"query-input\":{\"@type\":\"PropertyValueSpecification\",\"valueRequired\":true,\"valueName\":\"search_term_string\"}}],\"inLanguage\":\"en-US\"}]}<\/script>\n<!-- \/ Yoast SEO plugin. -->","yoast_head_json":{"title":"AF Contr\u00f4le sp\u00e9cialis\u00e9e dans le contr\u00f4le non destructif (CND)","description":"Nous intervenons dans les domaines : nucl\u00e9aire, construction navale, ferroviaire p\u00e9trochimie, militaire, transport, \u00e9lectricit\u00e9, ...","robots":{"index":"index","follow":"follow","max-snippet":"max-snippet:-1","max-image-preview":"max-image-preview:large","max-video-preview":"max-video-preview:-1"},"canonical":"https:\/\/www.afcontrole.com\/en\/services-deliveries\/","og_locale":"en_US","og_type":"article","og_title":"AF Contr\u00f4le sp\u00e9cialis\u00e9e dans le contr\u00f4le non destructif (CND)","og_description":"Nous intervenons dans les domaines : nucl\u00e9aire, construction navale, ferroviaire p\u00e9trochimie, militaire, transport, \u00e9lectricit\u00e9, ...","og_url":"https:\/\/www.afcontrole.com\/en\/services-deliveries\/","og_site_name":"AF Contr\u00f4le","article_modified_time":"2016-11-07T15:03:46+00:00","twitter_card":"summary_large_image","twitter_misc":{"Est. reading time":"4 minutes"},"schema":{"@context":"https:\/\/schema.org","@graph":[{"@type":"WebPage","@id":"https:\/\/www.afcontrole.com\/en\/services-deliveries\/","url":"https:\/\/www.afcontrole.com\/en\/services-deliveries\/","name":"AF Contr\u00f4le sp\u00e9cialis\u00e9e dans le contr\u00f4le non destructif (CND)","isPartOf":{"@id":"https:\/\/www.afcontrole.com\/en\/#website"},"datePublished":"2016-06-04T12:14:28+00:00","dateModified":"2016-11-07T15:03:46+00:00","description":"Nous intervenons dans les domaines : nucl\u00e9aire, construction navale, ferroviaire p\u00e9trochimie, militaire, transport, \u00e9lectricit\u00e9, ...","breadcrumb":{"@id":"https:\/\/www.afcontrole.com\/en\/services-deliveries\/#breadcrumb"},"inLanguage":"en-US","potentialAction":[{"@type":"ReadAction","target":["https:\/\/www.afcontrole.com\/en\/services-deliveries\/"]}]},{"@type":"BreadcrumbList","@id":"https:\/\/www.afcontrole.com\/en\/services-deliveries\/#breadcrumb","itemListElement":[{"@type":"ListItem","position":1,"name":"Accueil","item":"https:\/\/www.afcontrole.com\/en\/"},{"@type":"ListItem","position":2,"name":"AF Contr\u00f4le is specialized in non-destructive testing (NDT)"}]},{"@type":"WebSite","@id":"https:\/\/www.afcontrole.com\/en\/#website","url":"https:\/\/www.afcontrole.com\/en\/","name":"AF Contr\u00f4le","description":"Sp\u00e9cialiste du contr\u00f4le industriel","potentialAction":[{"@type":"SearchAction","target":{"@type":"EntryPoint","urlTemplate":"https:\/\/www.afcontrole.com\/en\/?s={search_term_string}"},"query-input":{"@type":"PropertyValueSpecification","valueRequired":true,"valueName":"search_term_string"}}],"inLanguage":"en-US"}]}},"_links":{"self":[{"href":"https:\/\/www.afcontrole.com\/en\/wp-json\/wp\/v2\/pages\/210","targetHints":{"allow":["GET"]}}],"collection":[{"href":"https:\/\/www.afcontrole.com\/en\/wp-json\/wp\/v2\/pages"}],"about":[{"href":"https:\/\/www.afcontrole.com\/en\/wp-json\/wp\/v2\/types\/page"}],"author":[{"embeddable":true,"href":"https:\/\/www.afcontrole.com\/en\/wp-json\/wp\/v2\/users\/2"}],"replies":[{"embeddable":true,"href":"https:\/\/www.afcontrole.com\/en\/wp-json\/wp\/v2\/comments?post=210"}],"version-history":[{"count":0,"href":"https:\/\/www.afcontrole.com\/en\/wp-json\/wp\/v2\/pages\/210\/revisions"}],"wp:attachment":[{"href":"https:\/\/www.afcontrole.com\/en\/wp-json\/wp\/v2\/media?parent=210"}],"curies":[{"name":"wp","href":"https:\/\/api.w.org\/{rel}","templated":true}]}}