{"id":208,"date":"2016-06-05T14:14:09","date_gmt":"2016-06-05T12:14:09","guid":{"rendered":"http:\/\/www.afcontrole.com\/lentreprise\/?lang=en"},"modified":"2016-11-07T15:51:51","modified_gmt":"2016-11-07T14:51:51","slug":"company","status":"publish","type":"page","link":"https:\/\/www.afcontrole.com\/en\/company\/","title":{"rendered":"AF Contr\u00f4le located in Cherbourg-en-Cotentin, Normandy"},"content":{"rendered":"<div class=\"wpb-content-wrapper\"><p>[vc_row][vc_column width=&#8221;1\/2&#8243;][vc_column_text css_animation=&#8221;left-to-right&#8221;]<\/p>\n<p style=\"text-align: justify;\"><strong>AF Contr\u00f4le<\/strong>, created in June 2012 by <strong>Fabrice Avoine<\/strong> is located in <strong>Cherbourg-en-Cotentin<\/strong>.<\/p>\n<p style=\"text-align: justify;\">It is specialized in <strong>non-destructive testing<\/strong> (NDT)\u00a0: <strong>Penetrant Testing<\/strong> (PT), <strong>Magnetic Particle Testing<\/strong> (MT) and <strong>ultrasonic testing<\/strong>. <strong>AF Contr\u00f4le<\/strong> gives other services in electrochemical marking and electric testing (connection and stringing, cable ways\u2026).<\/p>\n<p>Around the manager, <strong>19 employees<\/strong> are working every days to answer to our clients needs with these watchwords\u00a0: confidence,\u00a0 availability and professionalism.<\/p>\n<p style=\"text-align: justify;\">We have forged links of confidence with our clients and we regularly take action with their teams on projects of diverse size and fields as <strong>nuclear<\/strong>, <strong>military<\/strong>, <strong>shipbuilding<\/strong>, <strong>petrochemistry<\/strong>, <strong>railway<\/strong>, <strong>transport<\/strong>\u2026<\/p>\n<p style=\"text-align: justify;\">Our clients network extends from SMB to great international purchasers.<\/p>\n<p>[\/vc_column_text][\/vc_column][vc_column width=&#8221;1\/2&#8243;][vc_gallery interval=&#8221;3&#8243; images=&#8221;48,35,43,50&#8243; img_size=&#8221;500&#215;330&#8243;][\/vc_column][\/vc_row]<\/p>\n<\/div>","protected":false},"excerpt":{"rendered":"<p>[vc_row][vc_column width=&#8221;1\/2&#8243;][vc_column_text css_animation=&#8221;left-to-right&#8221;] AF Contr\u00f4le, created in June 2012 by Fabrice Avoine is located in Cherbourg-en-Cotentin. It is specialized in non-destructive testing (NDT)\u00a0: Penetrant Testing (PT), Magnetic Particle Testing (MT) and ultrasonic testing. AF Contr\u00f4le gives other services in electrochemical&hellip; <\/p>\n","protected":false},"author":2,"featured_media":0,"parent":0,"menu_order":0,"comment_status":"closed","ping_status":"closed","template":"","meta":{"footnotes":""},"class_list":["post-208","page","type-page","status-publish","hentry"],"yoast_head":"<!-- This site is optimized with the Yoast SEO plugin v27.2 - https:\/\/yoast.com\/product\/yoast-seo-wordpress\/ -->\n<title>AF Contr\u00f4le situ\u00e9e \u00e0 Cherbourg-en-Cotentin en Normandie<\/title>\n<meta name=\"description\" content=\"Sp\u00e9cialis\u00e9e dans le contr\u00f4le non destructif : ressuage, magn\u00e9toscopie et ultras sons. AF Contr\u00f4le propose ses services en marquage et contr\u00f4le \u00e9lectrique.\" \/>\n<meta name=\"robots\" content=\"index, follow, max-snippet:-1, max-image-preview:large, max-video-preview:-1\" \/>\n<link rel=\"canonical\" href=\"https:\/\/www.afcontrole.com\/en\/company\/\" \/>\n<meta property=\"og:locale\" content=\"en_US\" \/>\n<meta property=\"og:type\" content=\"article\" \/>\n<meta property=\"og:title\" content=\"AF Contr\u00f4le situ\u00e9e \u00e0 Cherbourg-en-Cotentin en Normandie\" \/>\n<meta property=\"og:description\" content=\"Sp\u00e9cialis\u00e9e dans le contr\u00f4le non destructif : ressuage, magn\u00e9toscopie et ultras sons. AF Contr\u00f4le propose ses services en marquage et contr\u00f4le \u00e9lectrique.\" \/>\n<meta property=\"og:url\" content=\"https:\/\/www.afcontrole.com\/en\/company\/\" \/>\n<meta property=\"og:site_name\" content=\"AF Contr\u00f4le\" \/>\n<meta property=\"article:modified_time\" content=\"2016-11-07T14:51:51+00:00\" \/>\n<meta name=\"twitter:card\" content=\"summary_large_image\" \/>\n<meta name=\"twitter:label1\" content=\"Est. reading time\" \/>\n\t<meta name=\"twitter:data1\" content=\"1 minute\" \/>\n<script type=\"application\/ld+json\" class=\"yoast-schema-graph\">{\"@context\":\"https:\/\/schema.org\",\"@graph\":[{\"@type\":\"WebPage\",\"@id\":\"https:\/\/www.afcontrole.com\/en\/company\/\",\"url\":\"https:\/\/www.afcontrole.com\/en\/company\/\",\"name\":\"AF Contr\u00f4le situ\u00e9e \u00e0 Cherbourg-en-Cotentin en Normandie\",\"isPartOf\":{\"@id\":\"http:\/\/www.afcontrole.com\/en\/#website\"},\"datePublished\":\"2016-06-05T12:14:09+00:00\",\"dateModified\":\"2016-11-07T14:51:51+00:00\",\"description\":\"Sp\u00e9cialis\u00e9e dans le contr\u00f4le non destructif : ressuage, magn\u00e9toscopie et ultras sons. AF Contr\u00f4le propose ses services en marquage et contr\u00f4le \u00e9lectrique.\",\"breadcrumb\":{\"@id\":\"https:\/\/www.afcontrole.com\/en\/company\/#breadcrumb\"},\"inLanguage\":\"en-US\",\"potentialAction\":[{\"@type\":\"ReadAction\",\"target\":[\"https:\/\/www.afcontrole.com\/en\/company\/\"]}]},{\"@type\":\"BreadcrumbList\",\"@id\":\"https:\/\/www.afcontrole.com\/en\/company\/#breadcrumb\",\"itemListElement\":[{\"@type\":\"ListItem\",\"position\":1,\"name\":\"Accueil\",\"item\":\"http:\/\/www.afcontrole.com\/en\/\"},{\"@type\":\"ListItem\",\"position\":2,\"name\":\"AF Contr\u00f4le located in Cherbourg-en-Cotentin, Normandy\"}]},{\"@type\":\"WebSite\",\"@id\":\"http:\/\/www.afcontrole.com\/en\/#website\",\"url\":\"http:\/\/www.afcontrole.com\/en\/\",\"name\":\"AF Contr\u00f4le\",\"description\":\"Sp\u00e9cialiste du contr\u00f4le industriel\",\"potentialAction\":[{\"@type\":\"SearchAction\",\"target\":{\"@type\":\"EntryPoint\",\"urlTemplate\":\"http:\/\/www.afcontrole.com\/en\/?s={search_term_string}\"},\"query-input\":{\"@type\":\"PropertyValueSpecification\",\"valueRequired\":true,\"valueName\":\"search_term_string\"}}],\"inLanguage\":\"en-US\"}]}<\/script>\n<!-- \/ Yoast SEO plugin. -->","yoast_head_json":{"title":"AF Contr\u00f4le situ\u00e9e \u00e0 Cherbourg-en-Cotentin en Normandie","description":"Sp\u00e9cialis\u00e9e dans le contr\u00f4le non destructif : ressuage, magn\u00e9toscopie et ultras sons. AF Contr\u00f4le propose ses services en marquage et contr\u00f4le \u00e9lectrique.","robots":{"index":"index","follow":"follow","max-snippet":"max-snippet:-1","max-image-preview":"max-image-preview:large","max-video-preview":"max-video-preview:-1"},"canonical":"https:\/\/www.afcontrole.com\/en\/company\/","og_locale":"en_US","og_type":"article","og_title":"AF Contr\u00f4le situ\u00e9e \u00e0 Cherbourg-en-Cotentin en Normandie","og_description":"Sp\u00e9cialis\u00e9e dans le contr\u00f4le non destructif : ressuage, magn\u00e9toscopie et ultras sons. AF Contr\u00f4le propose ses services en marquage et contr\u00f4le \u00e9lectrique.","og_url":"https:\/\/www.afcontrole.com\/en\/company\/","og_site_name":"AF Contr\u00f4le","article_modified_time":"2016-11-07T14:51:51+00:00","twitter_card":"summary_large_image","twitter_misc":{"Est. reading time":"1 minute"},"schema":{"@context":"https:\/\/schema.org","@graph":[{"@type":"WebPage","@id":"https:\/\/www.afcontrole.com\/en\/company\/","url":"https:\/\/www.afcontrole.com\/en\/company\/","name":"AF Contr\u00f4le situ\u00e9e \u00e0 Cherbourg-en-Cotentin en Normandie","isPartOf":{"@id":"http:\/\/www.afcontrole.com\/en\/#website"},"datePublished":"2016-06-05T12:14:09+00:00","dateModified":"2016-11-07T14:51:51+00:00","description":"Sp\u00e9cialis\u00e9e dans le contr\u00f4le non destructif : ressuage, magn\u00e9toscopie et ultras sons. AF Contr\u00f4le propose ses services en marquage et contr\u00f4le \u00e9lectrique.","breadcrumb":{"@id":"https:\/\/www.afcontrole.com\/en\/company\/#breadcrumb"},"inLanguage":"en-US","potentialAction":[{"@type":"ReadAction","target":["https:\/\/www.afcontrole.com\/en\/company\/"]}]},{"@type":"BreadcrumbList","@id":"https:\/\/www.afcontrole.com\/en\/company\/#breadcrumb","itemListElement":[{"@type":"ListItem","position":1,"name":"Accueil","item":"http:\/\/www.afcontrole.com\/en\/"},{"@type":"ListItem","position":2,"name":"AF Contr\u00f4le located in Cherbourg-en-Cotentin, Normandy"}]},{"@type":"WebSite","@id":"http:\/\/www.afcontrole.com\/en\/#website","url":"http:\/\/www.afcontrole.com\/en\/","name":"AF Contr\u00f4le","description":"Sp\u00e9cialiste du contr\u00f4le industriel","potentialAction":[{"@type":"SearchAction","target":{"@type":"EntryPoint","urlTemplate":"http:\/\/www.afcontrole.com\/en\/?s={search_term_string}"},"query-input":{"@type":"PropertyValueSpecification","valueRequired":true,"valueName":"search_term_string"}}],"inLanguage":"en-US"}]}},"_links":{"self":[{"href":"https:\/\/www.afcontrole.com\/en\/wp-json\/wp\/v2\/pages\/208","targetHints":{"allow":["GET"]}}],"collection":[{"href":"https:\/\/www.afcontrole.com\/en\/wp-json\/wp\/v2\/pages"}],"about":[{"href":"https:\/\/www.afcontrole.com\/en\/wp-json\/wp\/v2\/types\/page"}],"author":[{"embeddable":true,"href":"https:\/\/www.afcontrole.com\/en\/wp-json\/wp\/v2\/users\/2"}],"replies":[{"embeddable":true,"href":"https:\/\/www.afcontrole.com\/en\/wp-json\/wp\/v2\/comments?post=208"}],"version-history":[{"count":0,"href":"https:\/\/www.afcontrole.com\/en\/wp-json\/wp\/v2\/pages\/208\/revisions"}],"wp:attachment":[{"href":"https:\/\/www.afcontrole.com\/en\/wp-json\/wp\/v2\/media?parent=208"}],"curies":[{"name":"wp","href":"https:\/\/api.w.org\/{rel}","templated":true}]}}