{"id":218,"date":"2016-07-04T19:00:52","date_gmt":"2016-07-04T17:00:52","guid":{"rendered":"http:\/\/www.afcontrole.com\/mentions-legales\/?lang=en"},"modified":"2016-11-08T09:51:57","modified_gmt":"2016-11-08T08:51:57","slug":"mentions-legales","status":"publish","type":"page","link":"http:\/\/www.afcontrole.com\/en\/mentions-legales\/","title":{"rendered":"Legal Notices"},"content":{"rendered":"<h2 style=\"text-align: center;\">AF Contr\u00f4le<\/h2>\n<p style=\"text-align: center;\">EURL au capital de 5000\u20ac<\/p>\n<p style=\"text-align: center;\"><strong>G\u00e9rant :<\/strong> Fabrice Avoine<\/p>\n<p style=\"text-align: center;\">37 rue Malakoff &#8211; Cherbourg-Octeville<br \/>\n50100 Cherbourg-en-Cotentin<br \/>\n<strong>T\u00e9l :<\/strong> +33 (0)6 99 50 01 93<\/p>\n<p style=\"text-align: center;\"><strong>SIRET :<\/strong> 752 205 401 000 17<br \/>\n<strong>APE :<\/strong> 7120B<\/p>\n<p style=\"text-align: center;\"><strong>Website design by<\/strong> <a href=\"http:\/\/www.webcom.me\" target=\"_blank\">WebCom.Me<\/a><\/p>\n","protected":false},"excerpt":{"rendered":"<p>AF Contr\u00f4le EURL au capital de 5000\u20ac G\u00e9rant : Fabrice Avoine 37 rue Malakoff &#8211; Cherbourg-Octeville 50100 Cherbourg-en-Cotentin T\u00e9l : +33 (0)6 99 50 01 93 SIRET : 752 205 401 000 17 APE : 7120B Website design by WebCom.Me<\/p>\n","protected":false},"author":2,"featured_media":0,"parent":0,"menu_order":0,"comment_status":"closed","ping_status":"closed","template":"","meta":{"footnotes":""},"class_list":["post-218","page","type-page","status-publish","hentry"],"yoast_head":"<!-- This site is optimized with the Yoast SEO plugin v27.2 - https:\/\/yoast.com\/product\/yoast-seo-wordpress\/ -->\n<title>Legal Notices - AF Contr\u00f4le<\/title>\n<meta name=\"robots\" content=\"index, follow, max-snippet:-1, max-image-preview:large, max-video-preview:-1\" \/>\n<link rel=\"canonical\" href=\"http:\/\/www.afcontrole.com\/en\/mentions-legales\/\" \/>\n<meta property=\"og:locale\" content=\"en_US\" \/>\n<meta property=\"og:type\" content=\"article\" \/>\n<meta property=\"og:title\" content=\"Legal Notices - AF Contr\u00f4le\" \/>\n<meta property=\"og:description\" content=\"AF Contr\u00f4le EURL au capital de 5000\u20ac G\u00e9rant : Fabrice Avoine 37 rue Malakoff &#8211; Cherbourg-Octeville 50100 Cherbourg-en-Cotentin T\u00e9l : +33 (0)6 99 50 01 93 SIRET : 752 205 401 000 17 APE : 7120B Website design by WebCom.Me\" \/>\n<meta property=\"og:url\" content=\"http:\/\/www.afcontrole.com\/en\/mentions-legales\/\" \/>\n<meta property=\"og:site_name\" content=\"AF Contr\u00f4le\" \/>\n<meta property=\"article:modified_time\" content=\"2016-11-08T08:51:57+00:00\" \/>\n<meta name=\"twitter:card\" content=\"summary_large_image\" \/>\n<script type=\"application\/ld+json\" class=\"yoast-schema-graph\">{\"@context\":\"https:\/\/schema.org\",\"@graph\":[{\"@type\":\"WebPage\",\"@id\":\"http:\/\/www.afcontrole.com\/en\/mentions-legales\/\",\"url\":\"http:\/\/www.afcontrole.com\/en\/mentions-legales\/\",\"name\":\"Legal Notices - AF Contr\u00f4le\",\"isPartOf\":{\"@id\":\"http:\/\/www.afcontrole.com\/en\/#website\"},\"datePublished\":\"2016-07-04T17:00:52+00:00\",\"dateModified\":\"2016-11-08T08:51:57+00:00\",\"breadcrumb\":{\"@id\":\"http:\/\/www.afcontrole.com\/en\/mentions-legales\/#breadcrumb\"},\"inLanguage\":\"en-US\",\"potentialAction\":[{\"@type\":\"ReadAction\",\"target\":[\"http:\/\/www.afcontrole.com\/en\/mentions-legales\/\"]}]},{\"@type\":\"BreadcrumbList\",\"@id\":\"http:\/\/www.afcontrole.com\/en\/mentions-legales\/#breadcrumb\",\"itemListElement\":[{\"@type\":\"ListItem\",\"position\":1,\"name\":\"Accueil\",\"item\":\"http:\/\/www.afcontrole.com\/en\/\"},{\"@type\":\"ListItem\",\"position\":2,\"name\":\"Legal Notices\"}]},{\"@type\":\"WebSite\",\"@id\":\"http:\/\/www.afcontrole.com\/en\/#website\",\"url\":\"http:\/\/www.afcontrole.com\/en\/\",\"name\":\"AF Contr\u00f4le\",\"description\":\"Sp\u00e9cialiste du contr\u00f4le industriel\",\"potentialAction\":[{\"@type\":\"SearchAction\",\"target\":{\"@type\":\"EntryPoint\",\"urlTemplate\":\"http:\/\/www.afcontrole.com\/en\/?s={search_term_string}\"},\"query-input\":{\"@type\":\"PropertyValueSpecification\",\"valueRequired\":true,\"valueName\":\"search_term_string\"}}],\"inLanguage\":\"en-US\"}]}<\/script>\n<!-- \/ Yoast SEO plugin. -->","yoast_head_json":{"title":"Legal Notices - AF Contr\u00f4le","robots":{"index":"index","follow":"follow","max-snippet":"max-snippet:-1","max-image-preview":"max-image-preview:large","max-video-preview":"max-video-preview:-1"},"canonical":"http:\/\/www.afcontrole.com\/en\/mentions-legales\/","og_locale":"en_US","og_type":"article","og_title":"Legal Notices - AF Contr\u00f4le","og_description":"AF Contr\u00f4le EURL au capital de 5000\u20ac G\u00e9rant : Fabrice Avoine 37 rue Malakoff &#8211; Cherbourg-Octeville 50100 Cherbourg-en-Cotentin T\u00e9l : +33 (0)6 99 50 01 93 SIRET : 752 205 401 000 17 APE : 7120B Website design by WebCom.Me","og_url":"http:\/\/www.afcontrole.com\/en\/mentions-legales\/","og_site_name":"AF Contr\u00f4le","article_modified_time":"2016-11-08T08:51:57+00:00","twitter_card":"summary_large_image","schema":{"@context":"https:\/\/schema.org","@graph":[{"@type":"WebPage","@id":"http:\/\/www.afcontrole.com\/en\/mentions-legales\/","url":"http:\/\/www.afcontrole.com\/en\/mentions-legales\/","name":"Legal Notices - AF Contr\u00f4le","isPartOf":{"@id":"http:\/\/www.afcontrole.com\/en\/#website"},"datePublished":"2016-07-04T17:00:52+00:00","dateModified":"2016-11-08T08:51:57+00:00","breadcrumb":{"@id":"http:\/\/www.afcontrole.com\/en\/mentions-legales\/#breadcrumb"},"inLanguage":"en-US","potentialAction":[{"@type":"ReadAction","target":["http:\/\/www.afcontrole.com\/en\/mentions-legales\/"]}]},{"@type":"BreadcrumbList","@id":"http:\/\/www.afcontrole.com\/en\/mentions-legales\/#breadcrumb","itemListElement":[{"@type":"ListItem","position":1,"name":"Accueil","item":"http:\/\/www.afcontrole.com\/en\/"},{"@type":"ListItem","position":2,"name":"Legal Notices"}]},{"@type":"WebSite","@id":"http:\/\/www.afcontrole.com\/en\/#website","url":"http:\/\/www.afcontrole.com\/en\/","name":"AF Contr\u00f4le","description":"Sp\u00e9cialiste du contr\u00f4le industriel","potentialAction":[{"@type":"SearchAction","target":{"@type":"EntryPoint","urlTemplate":"http:\/\/www.afcontrole.com\/en\/?s={search_term_string}"},"query-input":{"@type":"PropertyValueSpecification","valueRequired":true,"valueName":"search_term_string"}}],"inLanguage":"en-US"}]}},"_links":{"self":[{"href":"http:\/\/www.afcontrole.com\/en\/wp-json\/wp\/v2\/pages\/218","targetHints":{"allow":["GET"]}}],"collection":[{"href":"http:\/\/www.afcontrole.com\/en\/wp-json\/wp\/v2\/pages"}],"about":[{"href":"http:\/\/www.afcontrole.com\/en\/wp-json\/wp\/v2\/types\/page"}],"author":[{"embeddable":true,"href":"http:\/\/www.afcontrole.com\/en\/wp-json\/wp\/v2\/users\/2"}],"replies":[{"embeddable":true,"href":"http:\/\/www.afcontrole.com\/en\/wp-json\/wp\/v2\/comments?post=218"}],"version-history":[{"count":0,"href":"http:\/\/www.afcontrole.com\/en\/wp-json\/wp\/v2\/pages\/218\/revisions"}],"wp:attachment":[{"href":"http:\/\/www.afcontrole.com\/en\/wp-json\/wp\/v2\/media?parent=218"}],"curies":[{"name":"wp","href":"https:\/\/api.w.org\/{rel}","templated":true}]}}