{"id":216,"date":"2016-06-08T14:15:15","date_gmt":"2016-06-08T12:15:15","guid":{"rendered":"http:\/\/www.afcontrole.com\/plan-contact\/?lang=en"},"modified":"2025-05-07T10:24:54","modified_gmt":"2025-05-07T08:24:54","slug":"map-contact","status":"publish","type":"page","link":"http:\/\/www.afcontrole.com\/en\/map-contact\/","title":{"rendered":"Any questions ? You need a piece of information ?"},"content":{"rendered":"<div class=\"wpb-content-wrapper\"><p>[vc_row][vc_column width=&#8221;1\/2&#8243;][vc_column_text css_animation=&#8221;left-to-right&#8221;]<\/p>\n<p style=\"text-align: justify;\">For every request of information, you can use this contact form or join us thanks to our details.<\/p>\n<p>[\/vc_column_text]\n<div class=\"wpcf7 no-js\" id=\"wpcf7-f221-o1\" lang=\"fr-FR\" dir=\"ltr\" data-wpcf7-id=\"221\">\n<div class=\"screen-reader-response\"><p role=\"status\" aria-live=\"polite\" aria-atomic=\"true\"><\/p> <ul><\/ul><\/div>\n<form action=\"\/en\/wp-json\/wp\/v2\/pages\/216#wpcf7-f221-o1\" method=\"post\" class=\"wpcf7-form init\" aria-label=\"Formulaire de contact\" novalidate=\"novalidate\" data-status=\"init\">\n<fieldset class=\"hidden-fields-container\"><input type=\"hidden\" name=\"_wpcf7\" value=\"221\" \/><input type=\"hidden\" name=\"_wpcf7_version\" value=\"6.1.5\" \/><input type=\"hidden\" name=\"_wpcf7_locale\" value=\"fr_FR\" \/><input type=\"hidden\" name=\"_wpcf7_unit_tag\" value=\"wpcf7-f221-o1\" \/><input type=\"hidden\" name=\"_wpcf7_container_post\" value=\"0\" \/><input type=\"hidden\" name=\"_wpcf7_posted_data_hash\" value=\"\" \/>\n<\/fieldset>\n<p>Your name (Required)\n<\/p>\n<p><span class=\"wpcf7-form-control-wrap\" data-name=\"your-name\"><input size=\"40\" maxlength=\"400\" class=\"wpcf7-form-control wpcf7-text wpcf7-validates-as-required\" aria-required=\"true\" aria-invalid=\"false\" value=\"\" type=\"text\" name=\"your-name\" \/><\/span>\n<\/p>\n<p>Your mail(Required)\n<\/p>\n<p><span class=\"wpcf7-form-control-wrap\" data-name=\"your-email\"><input size=\"40\" maxlength=\"400\" class=\"wpcf7-form-control wpcf7-email wpcf7-validates-as-required wpcf7-text wpcf7-validates-as-email\" aria-required=\"true\" aria-invalid=\"false\" value=\"\" type=\"email\" name=\"your-email\" \/><\/span>\n<\/p>\n<p>Subject\n<\/p>\n<p><span class=\"wpcf7-form-control-wrap\" data-name=\"your-subject\"><input size=\"40\" maxlength=\"400\" class=\"wpcf7-form-control wpcf7-text\" aria-invalid=\"false\" value=\"\" type=\"text\" name=\"your-subject\" \/><\/span>\n<\/p>\n<p>Message\n<\/p>\n<p><span class=\"wpcf7-form-control-wrap\" data-name=\"your-message\"><textarea cols=\"40\" rows=\"10\" maxlength=\"2000\" class=\"wpcf7-form-control wpcf7-textarea\" aria-invalid=\"false\" name=\"your-message\"><\/textarea><\/span>\n<\/p>\n<p><span class=\"wpcf7-form-control-wrap\" data-name=\"acceptance-783\"><span class=\"wpcf7-form-control wpcf7-acceptance\"><span class=\"wpcf7-list-item\"><input type=\"checkbox\" name=\"acceptance-783\" value=\"1\" aria-invalid=\"false\" \/><\/span><\/span><\/span> I've read and accept <a href=\"https:\/\/www.afcontrole.com\/mentions-legales\">privacy policy<\/a>\n<\/p>\n<p><input class=\"wpcf7-form-control wpcf7-submit has-spinner\" type=\"submit\" value=\"Submit\" \/>\n<\/p><div class=\"wpcf7-response-output\" aria-hidden=\"true\"><\/div>\n<\/form>\n<\/div>\n[\/vc_column][vc_column width=&#8221;1\/2&#8243;][vc_column_text css_animation=&#8221;top-to-bottom&#8221; css=&#8221;&#8221;]<\/p>\n<h2 style=\"text-align: center;\">AF Contr\u00f4le<\/h2>\n<p style=\"text-align: center;\">37 rue Malakoff &#8211; Cherbourg-Octeville<br \/>\n50100 Cherbourg-en-Cotentin<\/p>\n<p style=\"text-align: center;\">Secretary\u2019s office: +33 (0)6 22 17 03 77 (1:00 PM to 5:00 PM)<br \/>\n<a href=\"&#x6d;&#x61;&#x69;&#108;&#116;&#111;:f&#x61;&#x62;&#x72;&#x69;&#99;&#101;&#46;a&#x76;&#x6f;&#x69;&#x6e;&#101;&#64;gm&#x61;&#x69;&#x6c;&#x2e;&#99;&#111;&#109;\">&#x66;a&#x62;&#114;&#x69;&#99;&#x65;&#x2e;a&#x76;&#111;&#x69;&#110;&#x65;&#64;g&#x6d;&#97;&#x69;&#108;&#x2e;&#99;o&#x6d;<\/a><\/p>\n<p>[\/vc_column_text][vc_separator style=&#8221;shadow&#8221; border_width=&#8221;10&#8243;][vc_row_inner][vc_column_inner width=&#8221;1\/2&#8243;][vc_single_image image=&#8221;271&#8243; img_size=&#8221;350&#215;350&#8243; alignment=&#8221;center&#8221; style=&#8221;vc_box_circle&#8221; css_animation=&#8221;top-to-bottom&#8221;][vc_column_text css_animation=&#8221;left-to-right&#8221; css=&#8221;&#8221;]<\/p>\n<h4 style=\"text-align: center;\">Fabrice Avoine<\/h4>\n<p style=\"text-align: center;\"><strong>Manager<\/strong><\/p>\n<p style=\"text-align: center;\">+33 (0)6 99 50 01 93<\/p>\n<p>[\/vc_column_text][\/vc_column_inner][vc_column_inner width=&#8221;1\/2&#8243;][vc_single_image image=&#8221;308&#8243; img_size=&#8221;350&#215;350&#8243; alignment=&#8221;center&#8221; style=&#8221;vc_box_circle&#8221; css_animation=&#8221;top-to-bottom&#8221;][vc_column_text css_animation=&#8221;right-to-left&#8221; css=&#8221;&#8221;]<\/p>\n<h4 style=\"text-align: center;\">Ludivine Avoine<\/h4>\n<p style=\"text-align: center;\"><strong>Production supervisor<br \/>\nPT2 \u2013 MT2\u00a0\u2013 UT2\u00a0\u2013 VT2<\/strong><br \/>\n<a href=\"&#109;&#x61;&#105;&#x6c;&#116;&#x6f;&#58;&#x6c;&#117;&#x64;&#105;&#x76;&#105;&#x6e;&#101;&#x2e;&#97;&#x76;&#111;&#x69;&#110;&#x65;&#64;&#x61;&#102;&#x63;&#111;&#x6e;&#116;&#x72;&#111;&#x6c;&#101;&#x2e;&#99;&#x6f;&#109;\"><br \/>\n<\/a>+33 (0)6 11 47 49 62<\/p>\n<p>[\/vc_column_text][\/vc_column_inner][\/vc_row_inner][\/vc_column][\/vc_row][vc_row][vc_column][vc_gmaps link=&#8221;#E-8_JTNDaWZyYW1lJTIwc3JjJTNEJTIyaHR0cHMlM0ElMkYlMkZ3d3cuZ29vZ2xlLmNvbSUyRm1hcHMlMkZlbWJlZCUzRnBiJTNEJTIxMW0xOCUyMTFtMTIlMjExbTMlMjExZDI2NDU3NjEuNzA1MDg5NzgzJTIxMmQtMy44NTQyMzgwMzMzMTc2MiUyMTNkNDkuNjQwMTM0ODc5MzcxNzUlMjEybTMlMjExZjAlMjEyZjAlMjEzZjAlMjEzbTIlMjExaTEwMjQlMjEyaTc2OCUyMTRmMTMuMSUyMTNtMyUyMTFtMiUyMTFzMHg0ODBjOTc4MWVkZjI5MzMxJTI1M0EweDdiZjBkMDhiMmRkODAzZDIlMjEyczM3JTJCUnVlJTJCTWFsYWtvZmYlMjUyQyUyQjUwMTAwJTJCQ2hlcmJvdXJnLU9jdGV2aWxsZSUyMTVlMCUyMTNtMiUyMTFzZnIlMjEyc2ZyJTIxNHYxNDY3NjQzNzA0MDI2JTIyJTIwd2lkdGglM0QlMjIxMDAlMjUlMjIlMjBoZWlnaHQlM0QlMjI0NTAlMjIlMjBmcmFtZWJvcmRlciUzRCUyMjAlMjIlMjBzdHlsZSUzRCUyMmJvcmRlciUzQTAlMjIlMjBhbGxvd2Z1bGxzY3JlZW4lM0UlM0MlMkZpZnJhbWUlM0U=&#8221;][\/vc_column][\/vc_row]<\/p>\n<\/div>","protected":false},"excerpt":{"rendered":"<p>[vc_row][vc_column width=&#8221;1\/2&#8243;][vc_column_text css_animation=&#8221;left-to-right&#8221;] For every request of information, you can use this contact form or join us thanks to our details. [\/vc_column_text][\/vc_column][vc_column width=&#8221;1\/2&#8243;][vc_column_text css_animation=&#8221;top-to-bottom&#8221; css=&#8221;&#8221;] AF Contr\u00f4le 37 rue Malakoff &#8211; Cherbourg-Octeville 50100 Cherbourg-en-Cotentin Secretary\u2019s office: +33 (0)6 22 17&hellip; <\/p>\n","protected":false},"author":2,"featured_media":0,"parent":0,"menu_order":0,"comment_status":"closed","ping_status":"closed","template":"","meta":{"footnotes":""},"class_list":["post-216","page","type-page","status-publish","hentry"],"yoast_head":"<!-- This site is optimized with the Yoast SEO plugin v27.2 - https:\/\/yoast.com\/product\/yoast-seo-wordpress\/ -->\n<title>AF Contr\u00f4le \u00e0 Cherbourg-en-Cotentin dans la Manche en Normandie<\/title>\n<meta name=\"description\" content=\"Vous avez besoin de nos services de prestations de contr\u00f4les visuels, dimensionnels, par ressuage, par magn\u00e9toscopie ou par ultrasons ? Contactez-nous.\" \/>\n<meta name=\"robots\" content=\"index, follow, max-snippet:-1, max-image-preview:large, max-video-preview:-1\" \/>\n<link rel=\"canonical\" href=\"https:\/\/www.afcontrole.com\/en\/map-contact\/\" \/>\n<meta property=\"og:locale\" content=\"en_US\" \/>\n<meta property=\"og:type\" content=\"article\" \/>\n<meta property=\"og:title\" content=\"AF Contr\u00f4le \u00e0 Cherbourg-en-Cotentin dans la Manche en Normandie\" \/>\n<meta property=\"og:description\" content=\"Vous avez besoin de nos services de prestations de contr\u00f4les visuels, dimensionnels, par ressuage, par magn\u00e9toscopie ou par ultrasons ? Contactez-nous.\" \/>\n<meta property=\"og:url\" content=\"https:\/\/www.afcontrole.com\/en\/map-contact\/\" \/>\n<meta property=\"og:site_name\" content=\"AF Contr\u00f4le\" \/>\n<meta property=\"article:modified_time\" content=\"2025-05-07T08:24:54+00:00\" \/>\n<meta name=\"twitter:card\" content=\"summary_large_image\" \/>\n<meta name=\"twitter:label1\" content=\"Est. reading time\" \/>\n\t<meta name=\"twitter:data1\" content=\"1 minute\" \/>\n<script type=\"application\/ld+json\" class=\"yoast-schema-graph\">{\"@context\":\"https:\/\/schema.org\",\"@graph\":[{\"@type\":\"WebPage\",\"@id\":\"https:\/\/www.afcontrole.com\/en\/map-contact\/\",\"url\":\"https:\/\/www.afcontrole.com\/en\/map-contact\/\",\"name\":\"AF Contr\u00f4le \u00e0 Cherbourg-en-Cotentin dans la Manche en Normandie\",\"isPartOf\":{\"@id\":\"https:\/\/www.afcontrole.com\/en\/#website\"},\"datePublished\":\"2016-06-08T12:15:15+00:00\",\"dateModified\":\"2025-05-07T08:24:54+00:00\",\"description\":\"Vous avez besoin de nos services de prestations de contr\u00f4les visuels, dimensionnels, par ressuage, par magn\u00e9toscopie ou par ultrasons ? Contactez-nous.\",\"breadcrumb\":{\"@id\":\"https:\/\/www.afcontrole.com\/en\/map-contact\/#breadcrumb\"},\"inLanguage\":\"en-US\",\"potentialAction\":[{\"@type\":\"ReadAction\",\"target\":[\"https:\/\/www.afcontrole.com\/en\/map-contact\/\"]}]},{\"@type\":\"BreadcrumbList\",\"@id\":\"https:\/\/www.afcontrole.com\/en\/map-contact\/#breadcrumb\",\"itemListElement\":[{\"@type\":\"ListItem\",\"position\":1,\"name\":\"Accueil\",\"item\":\"https:\/\/www.afcontrole.com\/en\/\"},{\"@type\":\"ListItem\",\"position\":2,\"name\":\"Any questions ? You need a piece of information ?\"}]},{\"@type\":\"WebSite\",\"@id\":\"https:\/\/www.afcontrole.com\/en\/#website\",\"url\":\"https:\/\/www.afcontrole.com\/en\/\",\"name\":\"AF Contr\u00f4le\",\"description\":\"Sp\u00e9cialiste du contr\u00f4le industriel\",\"potentialAction\":[{\"@type\":\"SearchAction\",\"target\":{\"@type\":\"EntryPoint\",\"urlTemplate\":\"https:\/\/www.afcontrole.com\/en\/?s={search_term_string}\"},\"query-input\":{\"@type\":\"PropertyValueSpecification\",\"valueRequired\":true,\"valueName\":\"search_term_string\"}}],\"inLanguage\":\"en-US\"}]}<\/script>\n<!-- \/ Yoast SEO plugin. -->","yoast_head_json":{"title":"AF Contr\u00f4le \u00e0 Cherbourg-en-Cotentin dans la Manche en Normandie","description":"Vous avez besoin de nos services de prestations de contr\u00f4les visuels, dimensionnels, par ressuage, par magn\u00e9toscopie ou par ultrasons ? Contactez-nous.","robots":{"index":"index","follow":"follow","max-snippet":"max-snippet:-1","max-image-preview":"max-image-preview:large","max-video-preview":"max-video-preview:-1"},"canonical":"https:\/\/www.afcontrole.com\/en\/map-contact\/","og_locale":"en_US","og_type":"article","og_title":"AF Contr\u00f4le \u00e0 Cherbourg-en-Cotentin dans la Manche en Normandie","og_description":"Vous avez besoin de nos services de prestations de contr\u00f4les visuels, dimensionnels, par ressuage, par magn\u00e9toscopie ou par ultrasons ? Contactez-nous.","og_url":"https:\/\/www.afcontrole.com\/en\/map-contact\/","og_site_name":"AF Contr\u00f4le","article_modified_time":"2025-05-07T08:24:54+00:00","twitter_card":"summary_large_image","twitter_misc":{"Est. reading time":"1 minute"},"schema":{"@context":"https:\/\/schema.org","@graph":[{"@type":"WebPage","@id":"https:\/\/www.afcontrole.com\/en\/map-contact\/","url":"https:\/\/www.afcontrole.com\/en\/map-contact\/","name":"AF Contr\u00f4le \u00e0 Cherbourg-en-Cotentin dans la Manche en Normandie","isPartOf":{"@id":"https:\/\/www.afcontrole.com\/en\/#website"},"datePublished":"2016-06-08T12:15:15+00:00","dateModified":"2025-05-07T08:24:54+00:00","description":"Vous avez besoin de nos services de prestations de contr\u00f4les visuels, dimensionnels, par ressuage, par magn\u00e9toscopie ou par ultrasons ? Contactez-nous.","breadcrumb":{"@id":"https:\/\/www.afcontrole.com\/en\/map-contact\/#breadcrumb"},"inLanguage":"en-US","potentialAction":[{"@type":"ReadAction","target":["https:\/\/www.afcontrole.com\/en\/map-contact\/"]}]},{"@type":"BreadcrumbList","@id":"https:\/\/www.afcontrole.com\/en\/map-contact\/#breadcrumb","itemListElement":[{"@type":"ListItem","position":1,"name":"Accueil","item":"https:\/\/www.afcontrole.com\/en\/"},{"@type":"ListItem","position":2,"name":"Any questions ? You need a piece of information ?"}]},{"@type":"WebSite","@id":"https:\/\/www.afcontrole.com\/en\/#website","url":"https:\/\/www.afcontrole.com\/en\/","name":"AF Contr\u00f4le","description":"Sp\u00e9cialiste du contr\u00f4le industriel","potentialAction":[{"@type":"SearchAction","target":{"@type":"EntryPoint","urlTemplate":"https:\/\/www.afcontrole.com\/en\/?s={search_term_string}"},"query-input":{"@type":"PropertyValueSpecification","valueRequired":true,"valueName":"search_term_string"}}],"inLanguage":"en-US"}]}},"_links":{"self":[{"href":"http:\/\/www.afcontrole.com\/en\/wp-json\/wp\/v2\/pages\/216","targetHints":{"allow":["GET"]}}],"collection":[{"href":"http:\/\/www.afcontrole.com\/en\/wp-json\/wp\/v2\/pages"}],"about":[{"href":"http:\/\/www.afcontrole.com\/en\/wp-json\/wp\/v2\/types\/page"}],"author":[{"embeddable":true,"href":"http:\/\/www.afcontrole.com\/en\/wp-json\/wp\/v2\/users\/2"}],"replies":[{"embeddable":true,"href":"http:\/\/www.afcontrole.com\/en\/wp-json\/wp\/v2\/comments?post=216"}],"version-history":[{"count":0,"href":"http:\/\/www.afcontrole.com\/en\/wp-json\/wp\/v2\/pages\/216\/revisions"}],"wp:attachment":[{"href":"http:\/\/www.afcontrole.com\/en\/wp-json\/wp\/v2\/media?parent=216"}],"curies":[{"name":"wp","href":"https:\/\/api.w.org\/{rel}","templated":true}]}}