{"id":212,"date":"2016-06-08T14:14:42","date_gmt":"2016-06-08T12:14:42","guid":{"rendered":"http:\/\/www.afcontrole.com\/competences\/?lang=en"},"modified":"2018-03-01T11:57:44","modified_gmt":"2018-03-01T10:57:44","slug":"skills","status":"publish","type":"page","link":"http:\/\/www.afcontrole.com\/en\/skills\/","title":{"rendered":"Client\u2019s satisfaction is at the heart of our priorities"},"content":{"rendered":"<div class=\"wpb-content-wrapper\"><p>[vc_row][vc_column width=&#8221;1\/2&#8243;][vc_column_text css_animation=&#8221;left-to-right&#8221;]<\/p>\n<h3>To answer as best as we can to our clients\u2019 requirements and to applicable standards our staff is regularly trained:<\/h3>\n<p>[\/vc_column_text][vc_column_text css_animation=&#8221;left-to-right&#8221;]<\/p>\n<ul style=\"text-align: justify;\">\n<li><strong>CACES<\/strong> : safe driving aptitude certificate.<\/li>\n<li><strong>Bridge-slinger<\/strong> : handling of loads using crane bridges.<\/li>\n<li>Training in the use and wear of harnesses.<\/li>\n<li><strong>Electrical authorization<\/strong> BR\/B2H0<\/li>\n<li>Daily using and verification of the fixed or rolling scaffold.<\/li>\n<li>SST: first aid and rescue training.<\/li>\n<\/ul>\n<p>[\/vc_column_text][\/vc_column][vc_column width=&#8221;1\/2&#8243;][vc_single_image image=&#8221;56&#8243; img_size=&#8221; 450&#215;100&#8243; alignment=&#8221;center&#8221; css_animation=&#8221;top-to-bottom&#8221;][vc_column_text css_animation=&#8221;right-to-left&#8221;]<\/p>\n<p style=\"text-align: justify;\"><strong>AF Contr\u00f4le<\/strong> is member of <a href=\"http:\/\/www.cofrend.com\" target=\"_blank\" rel=\"noopener\">COFFREND<\/a> (French Confederation for Non Destructive Testings). Our staff is bearer of essential certifications in non destructive control.<\/p>\n<p style=\"text-align: justify;\"><strong>AF Contr\u00f4le<\/strong> can propose you visual testing, dimensional testing, penetrant testing, magnetic particle testing and ultrasonic testing. We are qualified of these diplomas: PT2, MT2, VT2, and UT2.<\/p>\n<p>[\/vc_column_text][\/vc_column][\/vc_row]<\/p>\n<\/div>","protected":false},"excerpt":{"rendered":"<p>[vc_row][vc_column width=&#8221;1\/2&#8243;][vc_column_text css_animation=&#8221;left-to-right&#8221;] To answer as best as we can to our clients\u2019 requirements and to applicable standards our staff is regularly trained: [\/vc_column_text][vc_column_text css_animation=&#8221;left-to-right&#8221;] CACES : safe driving aptitude certificate. Bridge-slinger : handling of loads using crane bridges. Training&hellip; <\/p>\n","protected":false},"author":2,"featured_media":0,"parent":0,"menu_order":0,"comment_status":"closed","ping_status":"closed","template":"","meta":{"footnotes":""},"class_list":["post-212","page","type-page","status-publish","hentry"],"yoast_head":"<!-- This site is optimized with the Yoast SEO plugin v27.2 - https:\/\/yoast.com\/product\/yoast-seo-wordpress\/ -->\n<title>AF Contr\u00f4le - Contr\u00f4leurs certifi\u00e9s par la COFREND<\/title>\n<meta name=\"description\" content=\"AF Contr\u00f4le situ\u00e9e en Normandie - France peut vous proposer des contr\u00f4les visuels, dimensionnels, par ressuage, par magn\u00e9toscopie ou par ultrasons.\" \/>\n<meta name=\"robots\" content=\"index, follow, max-snippet:-1, max-image-preview:large, max-video-preview:-1\" \/>\n<link rel=\"canonical\" href=\"http:\/\/www.afcontrole.com\/en\/skills\/\" \/>\n<meta property=\"og:locale\" content=\"en_US\" \/>\n<meta property=\"og:type\" content=\"article\" \/>\n<meta property=\"og:title\" content=\"AF Contr\u00f4le - Contr\u00f4leurs certifi\u00e9s par la COFREND\" \/>\n<meta property=\"og:description\" content=\"AF Contr\u00f4le situ\u00e9e en Normandie - France peut vous proposer des contr\u00f4les visuels, dimensionnels, par ressuage, par magn\u00e9toscopie ou par ultrasons.\" \/>\n<meta property=\"og:url\" content=\"http:\/\/www.afcontrole.com\/en\/skills\/\" \/>\n<meta property=\"og:site_name\" content=\"AF Contr\u00f4le\" \/>\n<meta property=\"article:modified_time\" content=\"2018-03-01T10:57:44+00:00\" \/>\n<meta name=\"twitter:card\" content=\"summary_large_image\" \/>\n<meta name=\"twitter:label1\" content=\"Est. reading time\" \/>\n\t<meta name=\"twitter:data1\" content=\"1 minute\" \/>\n<script type=\"application\/ld+json\" class=\"yoast-schema-graph\">{\"@context\":\"https:\/\/schema.org\",\"@graph\":[{\"@type\":\"WebPage\",\"@id\":\"http:\/\/www.afcontrole.com\/en\/skills\/\",\"url\":\"http:\/\/www.afcontrole.com\/en\/skills\/\",\"name\":\"AF Contr\u00f4le - Contr\u00f4leurs certifi\u00e9s par la COFREND\",\"isPartOf\":{\"@id\":\"https:\/\/www.afcontrole.com\/en\/#website\"},\"datePublished\":\"2016-06-08T12:14:42+00:00\",\"dateModified\":\"2018-03-01T10:57:44+00:00\",\"description\":\"AF Contr\u00f4le situ\u00e9e en Normandie - France peut vous proposer des contr\u00f4les visuels, dimensionnels, par ressuage, par magn\u00e9toscopie ou par ultrasons.\",\"breadcrumb\":{\"@id\":\"http:\/\/www.afcontrole.com\/en\/skills\/#breadcrumb\"},\"inLanguage\":\"en-US\",\"potentialAction\":[{\"@type\":\"ReadAction\",\"target\":[\"http:\/\/www.afcontrole.com\/en\/skills\/\"]}]},{\"@type\":\"BreadcrumbList\",\"@id\":\"http:\/\/www.afcontrole.com\/en\/skills\/#breadcrumb\",\"itemListElement\":[{\"@type\":\"ListItem\",\"position\":1,\"name\":\"Accueil\",\"item\":\"https:\/\/www.afcontrole.com\/en\/\"},{\"@type\":\"ListItem\",\"position\":2,\"name\":\"Client\u2019s satisfaction is at the heart of our priorities\"}]},{\"@type\":\"WebSite\",\"@id\":\"https:\/\/www.afcontrole.com\/en\/#website\",\"url\":\"https:\/\/www.afcontrole.com\/en\/\",\"name\":\"AF Contr\u00f4le\",\"description\":\"Sp\u00e9cialiste du contr\u00f4le industriel\",\"potentialAction\":[{\"@type\":\"SearchAction\",\"target\":{\"@type\":\"EntryPoint\",\"urlTemplate\":\"https:\/\/www.afcontrole.com\/en\/?s={search_term_string}\"},\"query-input\":{\"@type\":\"PropertyValueSpecification\",\"valueRequired\":true,\"valueName\":\"search_term_string\"}}],\"inLanguage\":\"en-US\"}]}<\/script>\n<!-- \/ Yoast SEO plugin. -->","yoast_head_json":{"title":"AF Contr\u00f4le - Contr\u00f4leurs certifi\u00e9s par la COFREND","description":"AF Contr\u00f4le situ\u00e9e en Normandie - France peut vous proposer des contr\u00f4les visuels, dimensionnels, par ressuage, par magn\u00e9toscopie ou par ultrasons.","robots":{"index":"index","follow":"follow","max-snippet":"max-snippet:-1","max-image-preview":"max-image-preview:large","max-video-preview":"max-video-preview:-1"},"canonical":"http:\/\/www.afcontrole.com\/en\/skills\/","og_locale":"en_US","og_type":"article","og_title":"AF Contr\u00f4le - Contr\u00f4leurs certifi\u00e9s par la COFREND","og_description":"AF Contr\u00f4le situ\u00e9e en Normandie - France peut vous proposer des contr\u00f4les visuels, dimensionnels, par ressuage, par magn\u00e9toscopie ou par ultrasons.","og_url":"http:\/\/www.afcontrole.com\/en\/skills\/","og_site_name":"AF Contr\u00f4le","article_modified_time":"2018-03-01T10:57:44+00:00","twitter_card":"summary_large_image","twitter_misc":{"Est. reading time":"1 minute"},"schema":{"@context":"https:\/\/schema.org","@graph":[{"@type":"WebPage","@id":"http:\/\/www.afcontrole.com\/en\/skills\/","url":"http:\/\/www.afcontrole.com\/en\/skills\/","name":"AF Contr\u00f4le - Contr\u00f4leurs certifi\u00e9s par la COFREND","isPartOf":{"@id":"https:\/\/www.afcontrole.com\/en\/#website"},"datePublished":"2016-06-08T12:14:42+00:00","dateModified":"2018-03-01T10:57:44+00:00","description":"AF Contr\u00f4le situ\u00e9e en Normandie - France peut vous proposer des contr\u00f4les visuels, dimensionnels, par ressuage, par magn\u00e9toscopie ou par ultrasons.","breadcrumb":{"@id":"http:\/\/www.afcontrole.com\/en\/skills\/#breadcrumb"},"inLanguage":"en-US","potentialAction":[{"@type":"ReadAction","target":["http:\/\/www.afcontrole.com\/en\/skills\/"]}]},{"@type":"BreadcrumbList","@id":"http:\/\/www.afcontrole.com\/en\/skills\/#breadcrumb","itemListElement":[{"@type":"ListItem","position":1,"name":"Accueil","item":"https:\/\/www.afcontrole.com\/en\/"},{"@type":"ListItem","position":2,"name":"Client\u2019s satisfaction is at the heart of our priorities"}]},{"@type":"WebSite","@id":"https:\/\/www.afcontrole.com\/en\/#website","url":"https:\/\/www.afcontrole.com\/en\/","name":"AF Contr\u00f4le","description":"Sp\u00e9cialiste du contr\u00f4le industriel","potentialAction":[{"@type":"SearchAction","target":{"@type":"EntryPoint","urlTemplate":"https:\/\/www.afcontrole.com\/en\/?s={search_term_string}"},"query-input":{"@type":"PropertyValueSpecification","valueRequired":true,"valueName":"search_term_string"}}],"inLanguage":"en-US"}]}},"_links":{"self":[{"href":"http:\/\/www.afcontrole.com\/en\/wp-json\/wp\/v2\/pages\/212","targetHints":{"allow":["GET"]}}],"collection":[{"href":"http:\/\/www.afcontrole.com\/en\/wp-json\/wp\/v2\/pages"}],"about":[{"href":"http:\/\/www.afcontrole.com\/en\/wp-json\/wp\/v2\/types\/page"}],"author":[{"embeddable":true,"href":"http:\/\/www.afcontrole.com\/en\/wp-json\/wp\/v2\/users\/2"}],"replies":[{"embeddable":true,"href":"http:\/\/www.afcontrole.com\/en\/wp-json\/wp\/v2\/comments?post=212"}],"version-history":[{"count":0,"href":"http:\/\/www.afcontrole.com\/en\/wp-json\/wp\/v2\/pages\/212\/revisions"}],"wp:attachment":[{"href":"http:\/\/www.afcontrole.com\/en\/wp-json\/wp\/v2\/media?parent=212"}],"curies":[{"name":"wp","href":"https:\/\/api.w.org\/{rel}","templated":true}]}}